{"id":101,"date":"2024-02-12T16:22:03","date_gmt":"2024-02-12T15:22:03","guid":{"rendered":"https:\/\/www.wptest.ntondigital.com\/?page_id=101"},"modified":"2024-02-29T14:41:44","modified_gmt":"2024-02-29T13:41:44","slug":"101-2","status":"publish","type":"page","link":"https:\/\/newgeneration.ma\/?page_id=101","title":{"rendered":"Ing\u00e9nierie d&#8217;ex\u00e9cution"},"content":{"rendered":"\t\t<div data-elementor-type=\"wp-page\" data-elementor-id=\"101\" class=\"elementor elementor-101\">\n\t\t\t\t<div class=\"elementor-element elementor-element-27eb4a22 e-flex e-con-boxed e-con e-parent\" data-id=\"27eb4a22\" data-element_type=\"container\" data-settings=\"{&quot;content_width&quot;:&quot;boxed&quot;}\" data-core-v316-plus=\"true\">\n\t\t\t\t\t<div class=\"e-con-inner\">\n\t\t\t\t<div class=\"elementor-element elementor-element-408afdd9 elementor-widget elementor-widget-text-editor\" data-id=\"408afdd9\" data-element_type=\"widget\" data-widget_type=\"text-editor.default\">\n\t\t\t\t<div class=\"elementor-widget-container\">\n\t\t\t<style>\/*! elementor - v3.19.0 - 28-02-2024 *\/\n.elementor-widget-text-editor.elementor-drop-cap-view-stacked .elementor-drop-cap{background-color:#69727d;color:#fff}.elementor-widget-text-editor.elementor-drop-cap-view-framed .elementor-drop-cap{color:#69727d;border:3px solid;background-color:transparent}.elementor-widget-text-editor:not(.elementor-drop-cap-view-default) .elementor-drop-cap{margin-top:8px}.elementor-widget-text-editor:not(.elementor-drop-cap-view-default) .elementor-drop-cap-letter{width:1em;height:1em}.elementor-widget-text-editor .elementor-drop-cap{float:left;text-align:center;line-height:1;font-size:50px}.elementor-widget-text-editor .elementor-drop-cap-letter{display:inline-block}<\/style>\t\t\t\t<h1><span style=\"color: #1e4dc4;\"><span style=\"text-decoration: underline;\">Ing\u00e9nierie d\u2019ex\u00e9cution<\/span> :<\/span><\/h1><div class=\"s15\" data-reactid=\".0.$SITE_ROOT.$SITE_STRUCTURE.$PAGES_CONTAINER.1.1.$SITE_PAGES.$c1j4n.1.$i5f3l1ep_0\"><img fetchpriority=\"high\" decoding=\"async\" class=\"wp-image-1114 size-full alignleft\" src=\"https:\/\/newgeneration.ma\/wp-content\/uploads\/2024\/02\/095e83_884c570ef09c4e9bb8a604a9455cb7fb.jpg_srz_p_236_400_75_22_0.50_1.20_0.00_jpg_srz-177x300-1.jpg\" alt=\"\" width=\"177\" height=\"300\" \/>NEWGENERATION r\u00e9alise pr\u00e8s de la moiti\u00e9 de son chiffre d\u2019affaire en ex\u00e9cution (40 % ) et ce depuis plus de 43 ans. Ainsi, les \u00e9quipes int\u00e8grent parfaitement les contraintes de l\u2019entreprise et s\u2019engagent pour la tenue des d\u00e9lais en garantissant la qualit\u00e9 et en ma\u00eetrisant les co\u00fbts.<\/div><div id=\"i5f3xrbc\" class=\"s11\" data-reactid=\".0.$SITE_ROOT.$SITE_STRUCTURE.$PAGES_CONTAINER.1.1.$SITE_PAGES.$c1j4n.1.$i5f3xrbc\"><p class=\"font_8\">Les \u00e9quipes pluridisciplinaires organis\u00e9es par p\u00f4les interviennent tant en structure b\u00e9ton arm\u00e9, qu\u2019en charpente m\u00e9tallique ou bois. Elles \u00e9tudient \u00e9galement les ouvrages d\u2019infrastructures, les r\u00e9servoirs, silos, voiries lourdes et dallages industriels, les ouvrages enterr\u00e9s et les fondations sp\u00e9ciales.<\/p><\/div>\t\t\t\t\t\t<\/div>\n\t\t\t\t<\/div>\n\t\t\t\t\t<\/div>\n\t\t\t\t<\/div>\n\t\t<div class=\"elementor-element elementor-element-4f56b08 e-con-full e-flex e-con e-parent\" data-id=\"4f56b08\" data-element_type=\"container\" data-settings=\"{&quot;content_width&quot;:&quot;full&quot;,&quot;background_background&quot;:&quot;gradient&quot;}\" data-core-v316-plus=\"true\">\n\t\t\t\t<div class=\"elementor-element elementor-element-a098725 elementor-widget elementor-widget-heading\" data-id=\"a098725\" data-element_type=\"widget\" data-widget_type=\"heading.default\">\n\t\t\t\t<div class=\"elementor-widget-container\">\n\t\t\t<style>\/*! elementor - v3.19.0 - 28-02-2024 *\/\n.elementor-heading-title{padding:0;margin:0;line-height:1}.elementor-widget-heading .elementor-heading-title[class*=elementor-size-]>a{color:inherit;font-size:inherit;line-height:inherit}.elementor-widget-heading .elementor-heading-title.elementor-size-small{font-size:15px}.elementor-widget-heading .elementor-heading-title.elementor-size-medium{font-size:19px}.elementor-widget-heading .elementor-heading-title.elementor-size-large{font-size:29px}.elementor-widget-heading .elementor-heading-title.elementor-size-xl{font-size:39px}.elementor-widget-heading .elementor-heading-title.elementor-size-xxl{font-size:59px}<\/style><h2 class=\"elementor-heading-title elementor-size-default\">CONTACTEZ-NOUS<\/h2>\t\t<\/div>\n\t\t\t\t<\/div>\n\t\t<div class=\"elementor-element elementor-element-2f1d7b8 e-con-full e-flex e-con e-child\" data-id=\"2f1d7b8\" data-element_type=\"container\" data-settings=\"{&quot;background_background&quot;:&quot;classic&quot;,&quot;content_width&quot;:&quot;full&quot;}\">\n\t\t\t\t<div class=\"elementor-element elementor-element-09eb270 elementor-widget__width-initial elementor-widget-tablet__width-initial elementor-widget-mobile__width-initial elementor-widget elementor-widget-sina_social_icons\" data-id=\"09eb270\" data-element_type=\"widget\" data-widget_type=\"sina_social_icons.default\">\n\t\t\t\t<div class=\"elementor-widget-container\">\n\t\t\t\t\t<div class=\"sina-social-icons\">\r\n\t\t\t<ul class=\"sina-social\">\r\n\t\t\t\t\t\t\t\t\t<li class=\"elementor-repeater-item-87594ce\">\r\n\t\t\t\t\t\t<a class=\"\"\r\n\t\t\t\t\t\thref=\"#\"\r\n\t\t\t\t\t\t\t\t\t\t\t\t>\r\n\t\t\t\t\t\t\t<i class=\"eicon-mail\"><\/i>\r\n\t\t\t\t\t\t<\/a>\r\n\t\t\t\t\t<\/li>\r\n\t\t\t\t\t\t\t\t\t<li class=\"elementor-repeater-item-e70d1f8\">\r\n\t\t\t\t\t\t<a class=\"\"\r\n\t\t\t\t\t\thref=\"https:\/\/maps.app.goo.gl\/Z9VvuG1v7qwpQN996\"\r\n\t\t\t\t\t\t\t\t\t\t\t\t>\r\n\t\t\t\t\t\t\t<i class=\"eicon-google-maps\"><\/i>\r\n\t\t\t\t\t\t<\/a>\r\n\t\t\t\t\t<\/li>\r\n\t\t\t\t\t\t\t<\/ul>\r\n\t\t<\/div><!-- .sina-social-icons -->\r\n\t\t\t\t<\/div>\n\t\t\t\t<\/div>\n\t\t<div class=\"elementor-element elementor-element-e86ef19 e-con-full e-flex e-con e-child\" data-id=\"e86ef19\" data-element_type=\"container\" data-settings=\"{&quot;content_width&quot;:&quot;full&quot;}\">\n\t\t\t\t<div class=\"elementor-element elementor-element-55ee356 elementor-widget__width-initial elementor-widget-tablet__width-initial elementor-widget-mobile__width-initial elementor-widget elementor-widget-sina_title\" data-id=\"55ee356\" data-element_type=\"widget\" data-widget_type=\"sina_title.default\">\n\t\t\t\t<div class=\"elementor-widget-container\">\n\t\t\t\t\t<div class=\"sina-title\">\r\n\t\t\t\r\n\t\t\t\t\t\t\t<h2 class=\"sina-title-title\"><a href=\"mailto:contact@newgeneration.ma\">contact@newgeneration.ma<\/a><br><a href=\"https:\/\/maps.app.goo.gl\/t4BkJ3EzxFftK8Sg9\">Ouvrir dans Google Maps<\/a><\/h2>\t\t\t\r\n\t\t\t\r\n\t\t\t\r\n\t\t\t\t\t<\/div><!-- .sina-title -->\r\n\t\t\t\t<\/div>\n\t\t\t\t<\/div>\n\t\t\t\t<\/div>\n\t\t\t\t<div class=\"elementor-element elementor-element-550ff9d elementor-widget__width-initial elementor-widget-mobile__width-initial elementor-widget elementor-widget-sina_social_icons\" data-id=\"550ff9d\" data-element_type=\"widget\" data-widget_type=\"sina_social_icons.default\">\n\t\t\t\t<div class=\"elementor-widget-container\">\n\t\t\t\t\t<div class=\"sina-social-icons\">\r\n\t\t\t<ul class=\"sina-social\">\r\n\t\t\t\t\t\t\t\t\t<li class=\"elementor-repeater-item-5c23819\">\r\n\t\t\t\t\t\t<a class=\"\"\r\n\t\t\t\t\t\thref=\"https:\/\/facebook.com\"\r\n\t\t\t\t\t\t\t\t\t\t\t\t>\r\n\t\t\t\t\t\t\t<i class=\"icofont icofont-ui-touch-phone\"><\/i>\r\n\t\t\t\t\t\t<\/a>\r\n\t\t\t\t\t<\/li>\r\n\t\t\t\t\t\t\t\t\t<li class=\"elementor-repeater-item-90d8872\">\r\n\t\t\t\t\t\t<a class=\"\"\r\n\t\t\t\t\t\thref=\"https:\/\/linkedin.com\"\r\n\t\t\t\t\t\t\t\t\t\t\t\t>\r\n\t\t\t\t\t\t\t<i class=\"icofont icofont-phone\"><\/i>\r\n\t\t\t\t\t\t<\/a>\r\n\t\t\t\t\t<\/li>\r\n\t\t\t\t\t\t\t<\/ul>\r\n\t\t<\/div><!-- .sina-social-icons -->\r\n\t\t\t\t<\/div>\n\t\t\t\t<\/div>\n\t\t\t\t<div class=\"elementor-element elementor-element-0656340 elementor-widget__width-initial elementor-widget-tablet__width-initial elementor-widget-mobile__width-initial elementor-widget elementor-widget-sina_title\" data-id=\"0656340\" data-element_type=\"widget\" data-widget_type=\"sina_title.default\">\n\t\t\t\t<div class=\"elementor-widget-container\">\n\t\t\t\t\t<div class=\"sina-title\">\r\n\t\t\t\r\n\t\t\t\t\t\t\t<h2 class=\"sina-title-title\"><a href=\"tel:+212539942115\">+212 (0) 539 942 155<\/a><br><a href=\"tel:+212539323107\">+212 (0) 539 323 107<\/a><\/h2>\t\t\t\r\n\t\t\t\r\n\t\t\t\r\n\t\t\t\t\t<\/div><!-- .sina-title -->\r\n\t\t\t\t<\/div>\n\t\t\t\t<\/div>\n\t\t\t\t<\/div>\n\t\t\t\t<\/div>\n\t\t\t\t<\/div>\n\t\t","protected":false},"excerpt":{"rendered":"<p>Ing\u00e9nierie d\u2019ex\u00e9cution : NEWGENERATION r\u00e9alise pr\u00e8s de la moiti\u00e9 de son chiffre d\u2019affaire en ex\u00e9cution (40 % ) et ce depuis plus de 43 ans. Ainsi, les \u00e9quipes int\u00e8grent parfaitement les contraintes de l\u2019entreprise et s\u2019engagent pour la tenue des d\u00e9lais en garantissant la qualit\u00e9 et en ma\u00eetrisant les co\u00fbts. Les \u00e9quipes pluridisciplinaires organis\u00e9es par p\u00f4les interviennent tant en structure [&hellip;]<\/p>\n","protected":false},"author":1,"featured_media":0,"parent":0,"menu_order":0,"comment_status":"closed","ping_status":"closed","template":"","meta":{"footnotes":""},"class_list":["post-101","page","type-page","status-publish","hentry"],"_links":{"self":[{"href":"https:\/\/newgeneration.ma\/index.php?rest_route=\/wp\/v2\/pages\/101","targetHints":{"allow":["GET"]}}],"collection":[{"href":"https:\/\/newgeneration.ma\/index.php?rest_route=\/wp\/v2\/pages"}],"about":[{"href":"https:\/\/newgeneration.ma\/index.php?rest_route=\/wp\/v2\/types\/page"}],"author":[{"embeddable":true,"href":"https:\/\/newgeneration.ma\/index.php?rest_route=\/wp\/v2\/users\/1"}],"replies":[{"embeddable":true,"href":"https:\/\/newgeneration.ma\/index.php?rest_route=%2Fwp%2Fv2%2Fcomments&post=101"}],"version-history":[{"count":120,"href":"https:\/\/newgeneration.ma\/index.php?rest_route=\/wp\/v2\/pages\/101\/revisions"}],"predecessor-version":[{"id":1197,"href":"https:\/\/newgeneration.ma\/index.php?rest_route=\/wp\/v2\/pages\/101\/revisions\/1197"}],"wp:attachment":[{"href":"https:\/\/newgeneration.ma\/index.php?rest_route=%2Fwp%2Fv2%2Fmedia&parent=101"}],"curies":[{"name":"wp","href":"https:\/\/api.w.org\/{rel}","templated":true}]}}