{"id":106,"date":"2024-02-12T16:27:46","date_gmt":"2024-02-12T15:27:46","guid":{"rendered":"https:\/\/www.wptest.ntondigital.com\/?page_id=106"},"modified":"2024-02-29T14:52:09","modified_gmt":"2024-02-29T13:52:09","slug":"references","status":"publish","type":"page","link":"https:\/\/newgeneration.ma\/?page_id=106","title":{"rendered":"Diagnostic Expertise Faisabilit\u00e9"},"content":{"rendered":"\t\t<div data-elementor-type=\"wp-page\" data-elementor-id=\"106\" class=\"elementor elementor-106\">\n\t\t\t\t<div class=\"elementor-element elementor-element-1a54abf e-flex e-con-boxed e-con e-parent\" data-id=\"1a54abf\" data-element_type=\"container\" data-settings=\"{&quot;content_width&quot;:&quot;boxed&quot;}\" data-core-v316-plus=\"true\">\n\t\t\t\t\t<div class=\"e-con-inner\">\n\t\t\t\t<div class=\"elementor-element elementor-element-c938234 elementor-widget elementor-widget-text-editor\" data-id=\"c938234\" data-element_type=\"widget\" data-widget_type=\"text-editor.default\">\n\t\t\t\t<div class=\"elementor-widget-container\">\n\t\t\t<style>\/*! elementor - v3.19.0 - 28-02-2024 *\/\n.elementor-widget-text-editor.elementor-drop-cap-view-stacked .elementor-drop-cap{background-color:#69727d;color:#fff}.elementor-widget-text-editor.elementor-drop-cap-view-framed .elementor-drop-cap{color:#69727d;border:3px solid;background-color:transparent}.elementor-widget-text-editor:not(.elementor-drop-cap-view-default) .elementor-drop-cap{margin-top:8px}.elementor-widget-text-editor:not(.elementor-drop-cap-view-default) .elementor-drop-cap-letter{width:1em;height:1em}.elementor-widget-text-editor .elementor-drop-cap{float:left;text-align:center;line-height:1;font-size:50px}.elementor-widget-text-editor .elementor-drop-cap-letter{display:inline-block}<\/style>\t\t\t\t<h1><span style=\"color: #1e4dc4;\">Diagnostic Expertise Faisabilit\u00e9<br \/><\/span><\/h1><p>Les contraintes r\u00e9glementaires et l\u00e9gislatives \u00e9tant de plus<img fetchpriority=\"high\" decoding=\"async\" class=\"wp-image-1124 size-full alignleft\" src=\"https:\/\/newgeneration.ma\/wp-content\/uploads\/2024\/02\/095e83_942281d28fce4cdb8a13f1cb79267c0b.jpg_srz_p_236_400_75_22_0.50_1.20_0.00_jpg_srz-177x300-1.jpg\" alt=\"\" width=\"177\" height=\"300\" \/> en plus complexes, il est n\u00e9cessaire d\u2019appr\u00e9hender tr\u00e8s en amont et de fa\u00e7on exhaustive l\u2019ensemble des probl\u00e9matiques inh\u00e9rentes au lancement d\u2019une op\u00e9ration (environnement, \u00e9conomie, contraintes de site, b\u00e2ti existant, etc\u2026)<\/p>\t\t\t\t\t\t<\/div>\n\t\t\t\t<\/div>\n\t\t\t\t\t<\/div>\n\t\t\t\t<\/div>\n\t\t<div class=\"elementor-element elementor-element-fac336d e-con-full e-flex e-con e-parent\" data-id=\"fac336d\" data-element_type=\"container\" data-settings=\"{&quot;content_width&quot;:&quot;full&quot;,&quot;background_background&quot;:&quot;gradient&quot;}\" data-core-v316-plus=\"true\">\n\t\t\t\t<div class=\"elementor-element elementor-element-9abd8e3 elementor-widget elementor-widget-heading\" data-id=\"9abd8e3\" data-element_type=\"widget\" data-widget_type=\"heading.default\">\n\t\t\t\t<div class=\"elementor-widget-container\">\n\t\t\t<style>\/*! elementor - v3.19.0 - 28-02-2024 *\/\n.elementor-heading-title{padding:0;margin:0;line-height:1}.elementor-widget-heading .elementor-heading-title[class*=elementor-size-]>a{color:inherit;font-size:inherit;line-height:inherit}.elementor-widget-heading .elementor-heading-title.elementor-size-small{font-size:15px}.elementor-widget-heading .elementor-heading-title.elementor-size-medium{font-size:19px}.elementor-widget-heading .elementor-heading-title.elementor-size-large{font-size:29px}.elementor-widget-heading .elementor-heading-title.elementor-size-xl{font-size:39px}.elementor-widget-heading .elementor-heading-title.elementor-size-xxl{font-size:59px}<\/style><h2 class=\"elementor-heading-title elementor-size-default\">CONTACTEZ-NOUS<\/h2>\t\t<\/div>\n\t\t\t\t<\/div>\n\t\t<div class=\"elementor-element elementor-element-5b8de07 e-con-full e-flex e-con e-child\" data-id=\"5b8de07\" data-element_type=\"container\" data-settings=\"{&quot;background_background&quot;:&quot;classic&quot;,&quot;content_width&quot;:&quot;full&quot;}\">\n\t\t\t\t<div class=\"elementor-element elementor-element-063c5f8 elementor-widget__width-initial elementor-widget-tablet__width-initial elementor-widget-mobile__width-initial elementor-widget elementor-widget-sina_social_icons\" data-id=\"063c5f8\" data-element_type=\"widget\" data-widget_type=\"sina_social_icons.default\">\n\t\t\t\t<div class=\"elementor-widget-container\">\n\t\t\t\t\t<div class=\"sina-social-icons\">\r\n\t\t\t<ul class=\"sina-social\">\r\n\t\t\t\t\t\t\t\t\t<li class=\"elementor-repeater-item-87594ce\">\r\n\t\t\t\t\t\t<a class=\"\"\r\n\t\t\t\t\t\thref=\"#\"\r\n\t\t\t\t\t\t\t\t\t\t\t\t>\r\n\t\t\t\t\t\t\t<i class=\"eicon-mail\"><\/i>\r\n\t\t\t\t\t\t<\/a>\r\n\t\t\t\t\t<\/li>\r\n\t\t\t\t\t\t\t\t\t<li class=\"elementor-repeater-item-e70d1f8\">\r\n\t\t\t\t\t\t<a class=\"\"\r\n\t\t\t\t\t\thref=\"https:\/\/maps.app.goo.gl\/Z9VvuG1v7qwpQN996\"\r\n\t\t\t\t\t\t\t\t\t\t\t\t>\r\n\t\t\t\t\t\t\t<i class=\"eicon-google-maps\"><\/i>\r\n\t\t\t\t\t\t<\/a>\r\n\t\t\t\t\t<\/li>\r\n\t\t\t\t\t\t\t<\/ul>\r\n\t\t<\/div><!-- .sina-social-icons -->\r\n\t\t\t\t<\/div>\n\t\t\t\t<\/div>\n\t\t<div class=\"elementor-element elementor-element-c3cbeb3 e-con-full e-flex e-con e-child\" data-id=\"c3cbeb3\" data-element_type=\"container\" data-settings=\"{&quot;content_width&quot;:&quot;full&quot;}\">\n\t\t\t\t<div class=\"elementor-element elementor-element-dddcde3 elementor-widget__width-initial elementor-widget-tablet__width-initial elementor-widget-mobile__width-initial elementor-widget elementor-widget-sina_title\" data-id=\"dddcde3\" data-element_type=\"widget\" data-widget_type=\"sina_title.default\">\n\t\t\t\t<div class=\"elementor-widget-container\">\n\t\t\t\t\t<div class=\"sina-title\">\r\n\t\t\t\r\n\t\t\t\t\t\t\t<h2 class=\"sina-title-title\"><a href=\"mailto:contact@newgeneration.ma\">contact@newgeneration.ma<\/a><br><a href=\"https:\/\/maps.app.goo.gl\/t4BkJ3EzxFftK8Sg9\">Ouvrir dans Google Maps<\/a><\/h2>\t\t\t\r\n\t\t\t\r\n\t\t\t\r\n\t\t\t\t\t<\/div><!-- .sina-title -->\r\n\t\t\t\t<\/div>\n\t\t\t\t<\/div>\n\t\t\t\t<\/div>\n\t\t\t\t<div class=\"elementor-element elementor-element-c6d81fb elementor-widget__width-initial elementor-widget-mobile__width-initial elementor-widget elementor-widget-sina_social_icons\" data-id=\"c6d81fb\" data-element_type=\"widget\" data-widget_type=\"sina_social_icons.default\">\n\t\t\t\t<div class=\"elementor-widget-container\">\n\t\t\t\t\t<div class=\"sina-social-icons\">\r\n\t\t\t<ul class=\"sina-social\">\r\n\t\t\t\t\t\t\t\t\t<li class=\"elementor-repeater-item-5c23819\">\r\n\t\t\t\t\t\t<a class=\"\"\r\n\t\t\t\t\t\thref=\"https:\/\/facebook.com\"\r\n\t\t\t\t\t\t\t\t\t\t\t\t>\r\n\t\t\t\t\t\t\t<i class=\"icofont icofont-ui-touch-phone\"><\/i>\r\n\t\t\t\t\t\t<\/a>\r\n\t\t\t\t\t<\/li>\r\n\t\t\t\t\t\t\t\t\t<li class=\"elementor-repeater-item-90d8872\">\r\n\t\t\t\t\t\t<a class=\"\"\r\n\t\t\t\t\t\thref=\"https:\/\/linkedin.com\"\r\n\t\t\t\t\t\t\t\t\t\t\t\t>\r\n\t\t\t\t\t\t\t<i class=\"icofont icofont-phone\"><\/i>\r\n\t\t\t\t\t\t<\/a>\r\n\t\t\t\t\t<\/li>\r\n\t\t\t\t\t\t\t<\/ul>\r\n\t\t<\/div><!-- .sina-social-icons -->\r\n\t\t\t\t<\/div>\n\t\t\t\t<\/div>\n\t\t\t\t<div class=\"elementor-element elementor-element-5e232e8 elementor-widget__width-initial elementor-widget-tablet__width-initial elementor-widget-mobile__width-initial elementor-widget elementor-widget-sina_title\" data-id=\"5e232e8\" data-element_type=\"widget\" data-widget_type=\"sina_title.default\">\n\t\t\t\t<div class=\"elementor-widget-container\">\n\t\t\t\t\t<div class=\"sina-title\">\r\n\t\t\t\r\n\t\t\t\t\t\t\t<h2 class=\"sina-title-title\"><a href=\"tel:+212539942115\">+212 (0) 539 942 155<\/a><br><a href=\"tel:+212539323107\">+212 (0) 539 323 107<\/a><\/h2>\t\t\t\r\n\t\t\t\r\n\t\t\t\r\n\t\t\t\t\t<\/div><!-- .sina-title -->\r\n\t\t\t\t<\/div>\n\t\t\t\t<\/div>\n\t\t\t\t<\/div>\n\t\t\t\t<\/div>\n\t\t\t\t<\/div>\n\t\t","protected":false},"excerpt":{"rendered":"<p>Diagnostic Expertise Faisabilit\u00e9 Les contraintes r\u00e9glementaires et l\u00e9gislatives \u00e9tant de plus en plus complexes, il est n\u00e9cessaire d\u2019appr\u00e9hender tr\u00e8s en amont et de fa\u00e7on exhaustive l\u2019ensemble des probl\u00e9matiques inh\u00e9rentes au lancement d\u2019une op\u00e9ration (environnement, \u00e9conomie, contraintes de site, b\u00e2ti existant, etc\u2026) CONTACTEZ-NOUS contact@newgeneration.maOuvrir dans Google Maps +212 (0) 539 942 155+212 (0) 539 323 107<\/p>\n","protected":false},"author":1,"featured_media":0,"parent":0,"menu_order":0,"comment_status":"closed","ping_status":"closed","template":"","meta":{"footnotes":""},"class_list":["post-106","page","type-page","status-publish","hentry"],"_links":{"self":[{"href":"https:\/\/newgeneration.ma\/index.php?rest_route=\/wp\/v2\/pages\/106","targetHints":{"allow":["GET"]}}],"collection":[{"href":"https:\/\/newgeneration.ma\/index.php?rest_route=\/wp\/v2\/pages"}],"about":[{"href":"https:\/\/newgeneration.ma\/index.php?rest_route=\/wp\/v2\/types\/page"}],"author":[{"embeddable":true,"href":"https:\/\/newgeneration.ma\/index.php?rest_route=\/wp\/v2\/users\/1"}],"replies":[{"embeddable":true,"href":"https:\/\/newgeneration.ma\/index.php?rest_route=%2Fwp%2Fv2%2Fcomments&post=106"}],"version-history":[{"count":150,"href":"https:\/\/newgeneration.ma\/index.php?rest_route=\/wp\/v2\/pages\/106\/revisions"}],"predecessor-version":[{"id":1211,"href":"https:\/\/newgeneration.ma\/index.php?rest_route=\/wp\/v2\/pages\/106\/revisions\/1211"}],"wp:attachment":[{"href":"https:\/\/newgeneration.ma\/index.php?rest_route=%2Fwp%2Fv2%2Fmedia&parent=106"}],"curies":[{"name":"wp","href":"https:\/\/api.w.org\/{rel}","templated":true}]}}