{"id":126,"date":"2024-02-12T17:07:58","date_gmt":"2024-02-12T16:07:58","guid":{"rendered":"https:\/\/www.wptest.ntondigital.com\/?page_id=126"},"modified":"2024-02-29T14:43:50","modified_gmt":"2024-02-29T13:43:50","slug":"audit","status":"publish","type":"page","link":"https:\/\/newgeneration.ma\/?page_id=126","title":{"rendered":"Assistance \u00e0 ma\u00eetrise d\u2019oeuvre"},"content":{"rendered":"\t\t<div data-elementor-type=\"wp-page\" data-elementor-id=\"126\" class=\"elementor elementor-126\">\n\t\t\t\t<div class=\"elementor-element elementor-element-669766a9 e-flex e-con-boxed e-con e-parent\" data-id=\"669766a9\" data-element_type=\"container\" data-settings=\"{&quot;content_width&quot;:&quot;boxed&quot;}\" data-core-v316-plus=\"true\">\n\t\t\t\t\t<div class=\"e-con-inner\">\n\t\t\t\t<div class=\"elementor-element elementor-element-2c5549a elementor-widget elementor-widget-text-editor\" data-id=\"2c5549a\" data-element_type=\"widget\" data-widget_type=\"text-editor.default\">\n\t\t\t\t<div class=\"elementor-widget-container\">\n\t\t\t<style>\/*! elementor - v3.19.0 - 28-02-2024 *\/\n.elementor-widget-text-editor.elementor-drop-cap-view-stacked .elementor-drop-cap{background-color:#69727d;color:#fff}.elementor-widget-text-editor.elementor-drop-cap-view-framed .elementor-drop-cap{color:#69727d;border:3px solid;background-color:transparent}.elementor-widget-text-editor:not(.elementor-drop-cap-view-default) .elementor-drop-cap{margin-top:8px}.elementor-widget-text-editor:not(.elementor-drop-cap-view-default) .elementor-drop-cap-letter{width:1em;height:1em}.elementor-widget-text-editor .elementor-drop-cap{float:left;text-align:center;line-height:1;font-size:50px}.elementor-widget-text-editor .elementor-drop-cap-letter{display:inline-block}<\/style>\t\t\t\t<p><!-- wp:image {\"id\":127,\"width\":\"1358px\",\"height\":\"auto\",\"sizeSlug\":\"full\",\"linkDestination\":\"none\"} --><\/p>\n<figure><\/figure>\n<p><!-- \/wp:image --><\/p>\n<p><!-- wp:group {\"layout\":{\"type\":\"flex\",\"orientation\":\"vertical\"}} --><\/p>\n<div>\n<h1><span style=\"color: #1e4dc4;\">Assistance \u00e0 ma\u00eetrise d\u2019oeuvre :<\/span>\u00a0<\/h1>\n<\/div>\n<div>\n<div>\n<p>NEW GENERATION \u00e0 acquis au fil des ann\u00e9es une<img fetchpriority=\"high\" decoding=\"async\" class=\"wp-image-1103 size-full alignleft\" src=\"https:\/\/newgeneration.ma\/wp-content\/uploads\/2024\/02\/095e83_e6f5e81bf1c34ec4a2b6c9676e9b1266.jpg_srz_p_236_400_75_22_0.50_1.20_0.00_jpg_srz-177x300-1.jpg\" alt=\"\" width=\"177\" height=\"300\" \/> exp\u00e9rience accrue en mati\u00e8re d\u2019assistance \u00e0 maitrise d\u2019\u0153uvre, notamment par le biais des projets de l\u2019\u00e9tat Marocain et ou financer par les organismes internationaux. De ce fait le BET offre un service complet depuis l\u2019\u00e9tude de faisabilit\u00e9 technico-financi\u00e8re pour la d\u00e9finition conceptuel du projet, suivi des diff\u00e9rentes phases reconnues dans la proc\u00e9dure normalis\u00e9 par le cahier des clauses administrative g\u00e9n\u00e9rales pour les m\u00e9tiers d\u2019\u00e9tudes et de maitrise d\u2019\u0153uvre, dont avant-projet sommaire, avant-projet d\u00e9taill\u00e9, et projet d\u2019ex\u00e9cution.Ensuite la mission est enjamb\u00e9e avec la consultation des entreprises, laquelle le BET NEW GENERATION maitrise d\u00e9raillement puisqu\u2019il l\u2019a pratiqu\u00e9 dans les diff\u00e9rentes exercices r\u00e8glementaires, avec les modes de passations des march\u00e9s suivant la proc\u00e9dure du 20\u00e8me si\u00e8cle jusqu\u2019au d\u00e9cret de 2013 pour les appels d\u2019offres pour les march\u00e9s de l\u2019\u00e9tat et ou assimil\u00e9s.<\/p>\n<p>Fort de son exp\u00e9rience bas\u00e9 sur son potentiel humain, le BET NEW GENERATION se veut multidisciplinaire, int\u00e9grant, et exp\u00e9riment\u00e9 dans les diff\u00e9rentes proc\u00e9dures exigibles dans la mission d\u2019assistance \u00e0 maitrise d\u2019\u0153uvre, le BET r\u00e9alise aussi le suivi de l\u2019ex\u00e9cution des travaux que lui-m\u00eame a con\u00e7u. Le contr\u00f4le de la mise en \u0153uvre est \u00e0 elle seule est un m\u00e9tier ind\u00e9pendant requ\u00e9rant une maitrise des proc\u00e9dures d\u2019ex\u00e9cution qui am\u00e8ne le BET \u00e0 s\u2019impr\u00e9gner des m\u00e9tiers du terrain, et offrir un potentiel humain polyvalent, pouvant assister la maitrise d\u2019ouvrage sur un chantier aussi bien dans les m\u00e9tiers de la construction que les m\u00e9tiers techniques. Avec un rendu toujours impeccable, avec renomm\u00e9 national ind\u00e9niable.<\/p>\n<\/div>\n<\/div>\n<p><!-- \/wp:group --><\/p>\t\t\t\t\t\t<\/div>\n\t\t\t\t<\/div>\n\t\t\t\t\t<\/div>\n\t\t\t\t<\/div>\n\t\t<div class=\"elementor-element elementor-element-c243546 e-con-full e-flex e-con e-parent\" data-id=\"c243546\" data-element_type=\"container\" data-settings=\"{&quot;content_width&quot;:&quot;full&quot;,&quot;background_background&quot;:&quot;gradient&quot;}\" data-core-v316-plus=\"true\">\n\t\t\t\t<div class=\"elementor-element elementor-element-4cec45e elementor-widget elementor-widget-heading\" data-id=\"4cec45e\" data-element_type=\"widget\" data-widget_type=\"heading.default\">\n\t\t\t\t<div class=\"elementor-widget-container\">\n\t\t\t<style>\/*! elementor - v3.19.0 - 28-02-2024 *\/\n.elementor-heading-title{padding:0;margin:0;line-height:1}.elementor-widget-heading .elementor-heading-title[class*=elementor-size-]>a{color:inherit;font-size:inherit;line-height:inherit}.elementor-widget-heading .elementor-heading-title.elementor-size-small{font-size:15px}.elementor-widget-heading .elementor-heading-title.elementor-size-medium{font-size:19px}.elementor-widget-heading .elementor-heading-title.elementor-size-large{font-size:29px}.elementor-widget-heading .elementor-heading-title.elementor-size-xl{font-size:39px}.elementor-widget-heading .elementor-heading-title.elementor-size-xxl{font-size:59px}<\/style><h2 class=\"elementor-heading-title elementor-size-default\">CONTACTEZ-NOUS<\/h2>\t\t<\/div>\n\t\t\t\t<\/div>\n\t\t<div class=\"elementor-element elementor-element-4c79398 e-con-full e-flex e-con e-child\" data-id=\"4c79398\" data-element_type=\"container\" data-settings=\"{&quot;background_background&quot;:&quot;classic&quot;,&quot;content_width&quot;:&quot;full&quot;}\">\n\t\t\t\t<div class=\"elementor-element elementor-element-2de81e5 elementor-widget__width-initial elementor-widget-tablet__width-initial elementor-widget-mobile__width-initial elementor-widget elementor-widget-sina_social_icons\" data-id=\"2de81e5\" data-element_type=\"widget\" data-widget_type=\"sina_social_icons.default\">\n\t\t\t\t<div class=\"elementor-widget-container\">\n\t\t\t\t\t<div class=\"sina-social-icons\">\r\n\t\t\t<ul class=\"sina-social\">\r\n\t\t\t\t\t\t\t\t\t<li class=\"elementor-repeater-item-87594ce\">\r\n\t\t\t\t\t\t<a class=\"\"\r\n\t\t\t\t\t\thref=\"#\"\r\n\t\t\t\t\t\t\t\t\t\t\t\t>\r\n\t\t\t\t\t\t\t<i class=\"eicon-mail\"><\/i>\r\n\t\t\t\t\t\t<\/a>\r\n\t\t\t\t\t<\/li>\r\n\t\t\t\t\t\t\t\t\t<li class=\"elementor-repeater-item-e70d1f8\">\r\n\t\t\t\t\t\t<a class=\"\"\r\n\t\t\t\t\t\thref=\"https:\/\/maps.app.goo.gl\/Z9VvuG1v7qwpQN996\"\r\n\t\t\t\t\t\t\t\t\t\t\t\t>\r\n\t\t\t\t\t\t\t<i class=\"eicon-google-maps\"><\/i>\r\n\t\t\t\t\t\t<\/a>\r\n\t\t\t\t\t<\/li>\r\n\t\t\t\t\t\t\t<\/ul>\r\n\t\t<\/div><!-- .sina-social-icons -->\r\n\t\t\t\t<\/div>\n\t\t\t\t<\/div>\n\t\t<div class=\"elementor-element elementor-element-08ea9ed e-con-full e-flex e-con e-child\" data-id=\"08ea9ed\" data-element_type=\"container\" data-settings=\"{&quot;content_width&quot;:&quot;full&quot;}\">\n\t\t\t\t<div class=\"elementor-element elementor-element-713e28a elementor-widget__width-initial elementor-widget-tablet__width-initial elementor-widget-mobile__width-initial elementor-widget elementor-widget-sina_title\" data-id=\"713e28a\" data-element_type=\"widget\" data-widget_type=\"sina_title.default\">\n\t\t\t\t<div class=\"elementor-widget-container\">\n\t\t\t\t\t<div class=\"sina-title\">\r\n\t\t\t\r\n\t\t\t\t\t\t\t<h2 class=\"sina-title-title\"><a href=\"mailto:contact@newgeneration.ma\">contact@newgeneration.ma<\/a><br><a href=\"https:\/\/maps.app.goo.gl\/t4BkJ3EzxFftK8Sg9\">Ouvrir dans Google Maps<\/a><\/h2>\t\t\t\r\n\t\t\t\r\n\t\t\t\r\n\t\t\t\t\t<\/div><!-- .sina-title -->\r\n\t\t\t\t<\/div>\n\t\t\t\t<\/div>\n\t\t\t\t<\/div>\n\t\t\t\t<div class=\"elementor-element elementor-element-932fdfd elementor-widget__width-initial elementor-widget-mobile__width-initial elementor-widget elementor-widget-sina_social_icons\" data-id=\"932fdfd\" data-element_type=\"widget\" data-widget_type=\"sina_social_icons.default\">\n\t\t\t\t<div class=\"elementor-widget-container\">\n\t\t\t\t\t<div class=\"sina-social-icons\">\r\n\t\t\t<ul class=\"sina-social\">\r\n\t\t\t\t\t\t\t\t\t<li class=\"elementor-repeater-item-5c23819\">\r\n\t\t\t\t\t\t<a class=\"\"\r\n\t\t\t\t\t\thref=\"https:\/\/facebook.com\"\r\n\t\t\t\t\t\t\t\t\t\t\t\t>\r\n\t\t\t\t\t\t\t<i class=\"icofont icofont-ui-touch-phone\"><\/i>\r\n\t\t\t\t\t\t<\/a>\r\n\t\t\t\t\t<\/li>\r\n\t\t\t\t\t\t\t\t\t<li class=\"elementor-repeater-item-90d8872\">\r\n\t\t\t\t\t\t<a class=\"\"\r\n\t\t\t\t\t\thref=\"https:\/\/linkedin.com\"\r\n\t\t\t\t\t\t\t\t\t\t\t\t>\r\n\t\t\t\t\t\t\t<i class=\"icofont icofont-phone\"><\/i>\r\n\t\t\t\t\t\t<\/a>\r\n\t\t\t\t\t<\/li>\r\n\t\t\t\t\t\t\t<\/ul>\r\n\t\t<\/div><!-- .sina-social-icons -->\r\n\t\t\t\t<\/div>\n\t\t\t\t<\/div>\n\t\t\t\t<div class=\"elementor-element elementor-element-fa57c63 elementor-widget__width-initial elementor-widget-tablet__width-initial elementor-widget-mobile__width-initial elementor-widget elementor-widget-sina_title\" data-id=\"fa57c63\" data-element_type=\"widget\" data-widget_type=\"sina_title.default\">\n\t\t\t\t<div class=\"elementor-widget-container\">\n\t\t\t\t\t<div class=\"sina-title\">\r\n\t\t\t\r\n\t\t\t\t\t\t\t<h2 class=\"sina-title-title\"><a href=\"tel:+212539942115\">+212 (0) 539 942 155<\/a><br><a href=\"tel:+212539323107\">+212 (0) 539 323 107<\/a><\/h2>\t\t\t\r\n\t\t\t\r\n\t\t\t\r\n\t\t\t\t\t<\/div><!-- .sina-title -->\r\n\t\t\t\t<\/div>\n\t\t\t\t<\/div>\n\t\t\t\t<\/div>\n\t\t\t\t<\/div>\n\t\t\t\t<\/div>\n\t\t","protected":false},"excerpt":{"rendered":"<p>Assistance \u00e0 ma\u00eetrise d\u2019oeuvre :\u00a0 NEW GENERATION \u00e0 acquis au fil des ann\u00e9es une exp\u00e9rience accrue en mati\u00e8re d\u2019assistance \u00e0 maitrise d\u2019\u0153uvre, notamment par le biais des projets de l\u2019\u00e9tat Marocain et ou financer par les organismes internationaux. De ce fait le BET offre un service complet depuis l\u2019\u00e9tude de faisabilit\u00e9 technico-financi\u00e8re pour la d\u00e9finition conceptuel du projet, suivi des [&hellip;]<\/p>\n","protected":false},"author":1,"featured_media":0,"parent":0,"menu_order":0,"comment_status":"closed","ping_status":"closed","template":"","meta":{"footnotes":""},"class_list":["post-126","page","type-page","status-publish","hentry"],"_links":{"self":[{"href":"https:\/\/newgeneration.ma\/index.php?rest_route=\/wp\/v2\/pages\/126","targetHints":{"allow":["GET"]}}],"collection":[{"href":"https:\/\/newgeneration.ma\/index.php?rest_route=\/wp\/v2\/pages"}],"about":[{"href":"https:\/\/newgeneration.ma\/index.php?rest_route=\/wp\/v2\/types\/page"}],"author":[{"embeddable":true,"href":"https:\/\/newgeneration.ma\/index.php?rest_route=\/wp\/v2\/users\/1"}],"replies":[{"embeddable":true,"href":"https:\/\/newgeneration.ma\/index.php?rest_route=%2Fwp%2Fv2%2Fcomments&post=126"}],"version-history":[{"count":95,"href":"https:\/\/newgeneration.ma\/index.php?rest_route=\/wp\/v2\/pages\/126\/revisions"}],"predecessor-version":[{"id":1203,"href":"https:\/\/newgeneration.ma\/index.php?rest_route=\/wp\/v2\/pages\/126\/revisions\/1203"}],"wp:attachment":[{"href":"https:\/\/newgeneration.ma\/index.php?rest_route=%2Fwp%2Fv2%2Fmedia&parent=126"}],"curies":[{"name":"wp","href":"https:\/\/api.w.org\/{rel}","templated":true}]}}