{"id":132,"date":"2024-02-12T17:20:29","date_gmt":"2024-02-12T16:20:29","guid":{"rendered":"https:\/\/www.wptest.ntondigital.com\/?page_id=132"},"modified":"2024-02-29T14:42:43","modified_gmt":"2024-02-29T13:42:43","slug":"conseil-fiscal-et-juridique","status":"publish","type":"page","link":"https:\/\/newgeneration.ma\/?page_id=132","title":{"rendered":"Ing\u00e9nierie de conception"},"content":{"rendered":"\t\t<div data-elementor-type=\"wp-page\" data-elementor-id=\"132\" class=\"elementor elementor-132\">\n\t\t\t\t<div class=\"elementor-element elementor-element-f0a1953 e-flex e-con-boxed e-con e-parent\" data-id=\"f0a1953\" data-element_type=\"container\" data-settings=\"{&quot;content_width&quot;:&quot;boxed&quot;}\" data-core-v316-plus=\"true\">\n\t\t\t\t\t<div class=\"e-con-inner\">\n\t\t\t\t<div class=\"elementor-element elementor-element-7d0cf52 elementor-widget elementor-widget-text-editor\" data-id=\"7d0cf52\" data-element_type=\"widget\" data-widget_type=\"text-editor.default\">\n\t\t\t\t<div class=\"elementor-widget-container\">\n\t\t\t<style>\/*! elementor - v3.19.0 - 28-02-2024 *\/\n.elementor-widget-text-editor.elementor-drop-cap-view-stacked .elementor-drop-cap{background-color:#69727d;color:#fff}.elementor-widget-text-editor.elementor-drop-cap-view-framed .elementor-drop-cap{color:#69727d;border:3px solid;background-color:transparent}.elementor-widget-text-editor:not(.elementor-drop-cap-view-default) .elementor-drop-cap{margin-top:8px}.elementor-widget-text-editor:not(.elementor-drop-cap-view-default) .elementor-drop-cap-letter{width:1em;height:1em}.elementor-widget-text-editor .elementor-drop-cap{float:left;text-align:center;line-height:1;font-size:50px}.elementor-widget-text-editor .elementor-drop-cap-letter{display:inline-block}<\/style>\t\t\t\t<h1><span style=\"color: #1e4dc4;\"><span style=\"text-decoration: underline;\">Ing\u00e9nierie de conception<\/span> :<\/span><\/h1><p>Le BET NEWGENERATION se veut un acteur r\u00e9gionale<img fetchpriority=\"high\" decoding=\"async\" class=\"wp-image-1110 size-full alignleft\" src=\"https:\/\/newgeneration.ma\/wp-content\/uploads\/2024\/02\/095e83_1b9fb6b1962e42c9ae4032f8d6c46ebe.jpg_srz_p_236_400_75_22_0.50_1.20_0.00_jpg_srz-177x300-1.jpg\" alt=\"\" width=\"177\" height=\"300\" \/> de r\u00e9f\u00e9rence pour le m\u00e9tier de la conception technique toutes disciplines confondues dans l\u2019ing\u00e9nierie du b\u00e2timent. Et c\u2019est pour cela qu\u2019il peut offrir \u00e0 ses clients un service global pour les \u00e9tudes techniques des projets de la construction, dans leurs multiples volets techniques, \u00e9conomiques et op\u00e9rationnels. Sa valeur ajout\u00e9e consiste dans son \u00e9quipe multidisciplinaire d\u2019une exp\u00e9rience forg\u00e9 au fil des ann\u00e9es, et qui lui permet de proposer en tant que partenaires dans la maitrise d\u2019\u0153uvre solutions variantes offrant de r\u00e9elles opportunit\u00e9s de choix pour les d\u00e9cideurs. L\u2019\u00e9quipe de NEW GENERATION propose des solutions techniques optimales, motiv\u00e9s par des technologie sinnovatrices, et qui permet un contr\u00f4le exemplaire du co\u00fbt de l\u2019ouvrage.<\/p><p>L\u2019exp\u00e9rience de NEWGENERATION dans le contr\u00f4le de la mise en \u0153uvre garantit la faisabilit\u00e9 des solutions propos\u00e9es. Ainsi, les projets sont r\u00e9ussis aussi bien dans leurs aspects techniques que financiers.<\/p><p>Les secteurs d\u2019activit\u00e9 dans le domaine de l\u2019ing\u00e9nierie de la construction que d\u00e9veloppe actuellement le BET NEW GENERATION sont\u00a0:<\/p><ol><li>L\u2019ing\u00e9nieure de la structure en diff\u00e9rentes mat\u00e9riaux, aussi bien les structures en b\u00e9ton arm\u00e9 et pr\u00e9contraint que les structures m\u00e9talliques, ou charpente bois Lamell\u00e9 coll\u00e9 ou massif. Y compris fondation superficielle et profonde, superstructures homog\u00e8nes et ou composite, sur la base de mod\u00e9lisation sp\u00e9ciale hyperstatique, en conformit\u00e9 aux normes Marocaines et internationales. Les ouvrages r\u00e9guliers et irr\u00e9guliers, pour les b\u00e2timents, pour les ponts dalles, et les ouvrages de sout\u00e8nement tel que murs de sout\u00e8nement ou parois berlinoise.<\/li><li>L\u2019ing\u00e9nieure des installations des fluides dont la plomberie eau froide et au chaude sanitaire et thermique, sanitaire, \u00e9vacuation, assainissement, chauffage, climatisation, ventilation naturelle et m\u00e9caniques, protection incendie, d\u00e9senfumage, les gazes domestiques et m\u00e9dicales etc\u2026.<\/li><li>Que les installations \u00e9lectriques, moyenne, basse, et tr\u00e8s basse tension, ainsi que les mises \u00e0 la terre et les protections parafoudres de ces installations \u00e9lectriques, ainsi que les r\u00e9seaux secourues, et ou ondul\u00e9es. Ainsi que l\u2019\u00e9clairage, et le r\u00e9seau avec la protection, la commande et la distribution de l\u2019\u00e9nergie \u00e9lectrique, les installations de communication Audiovisuelles dont la sonorisation, t\u00e9l\u00e9vision, vid\u00e9o surveillance, et interphonie. Aussi tr\u00e8s basse tension tel que les r\u00e9seaux informatiques, la t\u00e9l\u00e9phonie, et la d\u00e9tection des incendies, le contr\u00f4le d\u2019acc\u00e8s etc\u2026<\/li><li>L\u2019am\u00e9nagement du territoire avec la conception de voirie et r\u00e9seaux divers \u00e9lectrification moyenne et basse tension, \u00e9clairage public, adduction d\u2019eau potable, et traitement des eaux, r\u00e9seaux de t\u00e9l\u00e9communications c\u00e2bl\u00e9s et sans fil, assainissement urbain et rurales, hydraulique et hydrologie des zones d\u2019influence. Ainsi que la signalisation routi\u00e8re. L\u2019arrosage des espaces verts et l\u2019am\u00e9nagement jardinier, et ou des espaces sportifs.<\/li><li>Isolation thermique de l\u2019enveloppe des immeubles divers, ainsi que l\u2019isolation phonique des locaux de spectacle, ou salles de conf\u00e9rences, ainsi que les locaux industriels brouillant. L\u2019\u00e9tanch\u00e9it\u00e9 des supports am\u00e9nag\u00e9s, ainsi que la gestion des eaux superficielles, et en profondeur. Et le drainage des nappes phr\u00e9atiques, et les \u00e9coulements des eaux divers, avec protection par cuvelage, et ou membrane \u00e9tanche, ainsi que les filtre drainant en g\u00e9otextile.<\/li><li>Etude des techniques de seconde \u0153uvre dont les rev\u00eatements en divers mat\u00e9riaux suivant les technologies de mise en \u0153uvre et suivant les destinations techniques des locaux am\u00e9nag\u00e9, ainsi que le les baies d\u2019acc\u00e8s pour l\u2019\u00e9clairage et la ventilation naturelle, avec les techniques de motorisation, et technologie de la domotique. et l\u2019orientation la signalisation d\u2019int\u00e9rieur indicative dans les locaux divers. La m\u00e9canisation des b\u00e2timents avec syst\u00e8me d\u2019\u00e9l\u00e9vation du genre ascenseur, monte charges, et monte malade pour les projets hospitaliers.<\/li><\/ol>\t\t\t\t\t\t<\/div>\n\t\t\t\t<\/div>\n\t\t\t\t\t<\/div>\n\t\t\t\t<\/div>\n\t\t<div class=\"elementor-element elementor-element-52da615 e-con-full e-flex e-con e-parent\" data-id=\"52da615\" data-element_type=\"container\" data-settings=\"{&quot;content_width&quot;:&quot;full&quot;,&quot;background_background&quot;:&quot;gradient&quot;}\" data-core-v316-plus=\"true\">\n\t\t\t\t<div class=\"elementor-element elementor-element-64cada6 elementor-widget elementor-widget-heading\" data-id=\"64cada6\" data-element_type=\"widget\" data-widget_type=\"heading.default\">\n\t\t\t\t<div class=\"elementor-widget-container\">\n\t\t\t<style>\/*! elementor - v3.19.0 - 28-02-2024 *\/\n.elementor-heading-title{padding:0;margin:0;line-height:1}.elementor-widget-heading .elementor-heading-title[class*=elementor-size-]>a{color:inherit;font-size:inherit;line-height:inherit}.elementor-widget-heading .elementor-heading-title.elementor-size-small{font-size:15px}.elementor-widget-heading .elementor-heading-title.elementor-size-medium{font-size:19px}.elementor-widget-heading .elementor-heading-title.elementor-size-large{font-size:29px}.elementor-widget-heading .elementor-heading-title.elementor-size-xl{font-size:39px}.elementor-widget-heading .elementor-heading-title.elementor-size-xxl{font-size:59px}<\/style><h2 class=\"elementor-heading-title elementor-size-default\">CONTACTEZ-NOUS<\/h2>\t\t<\/div>\n\t\t\t\t<\/div>\n\t\t<div class=\"elementor-element elementor-element-87fcad6 e-con-full e-flex e-con e-child\" data-id=\"87fcad6\" data-element_type=\"container\" data-settings=\"{&quot;background_background&quot;:&quot;classic&quot;,&quot;content_width&quot;:&quot;full&quot;}\">\n\t\t\t\t<div class=\"elementor-element elementor-element-3c48ddb elementor-widget__width-initial elementor-widget-tablet__width-initial elementor-widget-mobile__width-initial elementor-widget elementor-widget-sina_social_icons\" data-id=\"3c48ddb\" data-element_type=\"widget\" data-widget_type=\"sina_social_icons.default\">\n\t\t\t\t<div class=\"elementor-widget-container\">\n\t\t\t\t\t<div class=\"sina-social-icons\">\r\n\t\t\t<ul class=\"sina-social\">\r\n\t\t\t\t\t\t\t\t\t<li class=\"elementor-repeater-item-87594ce\">\r\n\t\t\t\t\t\t<a class=\"\"\r\n\t\t\t\t\t\thref=\"#\"\r\n\t\t\t\t\t\t\t\t\t\t\t\t>\r\n\t\t\t\t\t\t\t<i class=\"eicon-mail\"><\/i>\r\n\t\t\t\t\t\t<\/a>\r\n\t\t\t\t\t<\/li>\r\n\t\t\t\t\t\t\t\t\t<li class=\"elementor-repeater-item-e70d1f8\">\r\n\t\t\t\t\t\t<a class=\"\"\r\n\t\t\t\t\t\thref=\"https:\/\/maps.app.goo.gl\/Z9VvuG1v7qwpQN996\"\r\n\t\t\t\t\t\t\t\t\t\t\t\t>\r\n\t\t\t\t\t\t\t<i class=\"eicon-google-maps\"><\/i>\r\n\t\t\t\t\t\t<\/a>\r\n\t\t\t\t\t<\/li>\r\n\t\t\t\t\t\t\t<\/ul>\r\n\t\t<\/div><!-- .sina-social-icons -->\r\n\t\t\t\t<\/div>\n\t\t\t\t<\/div>\n\t\t<div class=\"elementor-element elementor-element-c287e2f e-con-full e-flex e-con e-child\" data-id=\"c287e2f\" data-element_type=\"container\" data-settings=\"{&quot;content_width&quot;:&quot;full&quot;}\">\n\t\t\t\t<div class=\"elementor-element elementor-element-d6fb2e5 elementor-widget__width-initial elementor-widget-tablet__width-initial elementor-widget-mobile__width-initial elementor-widget elementor-widget-sina_title\" data-id=\"d6fb2e5\" data-element_type=\"widget\" data-widget_type=\"sina_title.default\">\n\t\t\t\t<div class=\"elementor-widget-container\">\n\t\t\t\t\t<div class=\"sina-title\">\r\n\t\t\t\r\n\t\t\t\t\t\t\t<h2 class=\"sina-title-title\"><a href=\"mailto:contact@newgeneration.ma\">contact@newgeneration.ma<\/a><br><a href=\"https:\/\/maps.app.goo.gl\/t4BkJ3EzxFftK8Sg9\">Ouvrir dans Google Maps<\/a><\/h2>\t\t\t\r\n\t\t\t\r\n\t\t\t\r\n\t\t\t\t\t<\/div><!-- .sina-title -->\r\n\t\t\t\t<\/div>\n\t\t\t\t<\/div>\n\t\t\t\t<\/div>\n\t\t\t\t<div class=\"elementor-element elementor-element-471268a elementor-widget__width-initial elementor-widget-mobile__width-initial elementor-widget elementor-widget-sina_social_icons\" data-id=\"471268a\" data-element_type=\"widget\" data-widget_type=\"sina_social_icons.default\">\n\t\t\t\t<div class=\"elementor-widget-container\">\n\t\t\t\t\t<div class=\"sina-social-icons\">\r\n\t\t\t<ul class=\"sina-social\">\r\n\t\t\t\t\t\t\t\t\t<li class=\"elementor-repeater-item-5c23819\">\r\n\t\t\t\t\t\t<a class=\"\"\r\n\t\t\t\t\t\thref=\"https:\/\/facebook.com\"\r\n\t\t\t\t\t\t\t\t\t\t\t\t>\r\n\t\t\t\t\t\t\t<i class=\"icofont icofont-ui-touch-phone\"><\/i>\r\n\t\t\t\t\t\t<\/a>\r\n\t\t\t\t\t<\/li>\r\n\t\t\t\t\t\t\t\t\t<li class=\"elementor-repeater-item-90d8872\">\r\n\t\t\t\t\t\t<a class=\"\"\r\n\t\t\t\t\t\thref=\"https:\/\/linkedin.com\"\r\n\t\t\t\t\t\t\t\t\t\t\t\t>\r\n\t\t\t\t\t\t\t<i class=\"icofont icofont-phone\"><\/i>\r\n\t\t\t\t\t\t<\/a>\r\n\t\t\t\t\t<\/li>\r\n\t\t\t\t\t\t\t<\/ul>\r\n\t\t<\/div><!-- .sina-social-icons -->\r\n\t\t\t\t<\/div>\n\t\t\t\t<\/div>\n\t\t\t\t<div class=\"elementor-element elementor-element-4ec3c7b elementor-widget__width-initial elementor-widget-tablet__width-initial elementor-widget-mobile__width-initial elementor-widget elementor-widget-sina_title\" data-id=\"4ec3c7b\" data-element_type=\"widget\" data-widget_type=\"sina_title.default\">\n\t\t\t\t<div class=\"elementor-widget-container\">\n\t\t\t\t\t<div class=\"sina-title\">\r\n\t\t\t\r\n\t\t\t\t\t\t\t<h2 class=\"sina-title-title\"><a href=\"tel:+212539942115\">+212 (0) 539 942 155<\/a><br><a href=\"tel:+212539323107\">+212 (0) 539 323 107<\/a><\/h2>\t\t\t\r\n\t\t\t\r\n\t\t\t\r\n\t\t\t\t\t<\/div><!-- .sina-title -->\r\n\t\t\t\t<\/div>\n\t\t\t\t<\/div>\n\t\t\t\t<\/div>\n\t\t\t\t<\/div>\n\t\t\t\t<\/div>\n\t\t","protected":false},"excerpt":{"rendered":"<p>Ing\u00e9nierie de conception : Le BET NEWGENERATION se veut un acteur r\u00e9gionale de r\u00e9f\u00e9rence pour le m\u00e9tier de la conception technique toutes disciplines confondues dans l\u2019ing\u00e9nierie du b\u00e2timent. Et c\u2019est pour cela qu\u2019il peut offrir \u00e0 ses clients un service global pour les \u00e9tudes techniques des projets de la construction, dans leurs multiples volets techniques, \u00e9conomiques et op\u00e9rationnels. Sa valeur [&hellip;]<\/p>\n","protected":false},"author":1,"featured_media":0,"parent":0,"menu_order":0,"comment_status":"closed","ping_status":"closed","template":"","meta":{"footnotes":""},"class_list":["post-132","page","type-page","status-publish","hentry"],"_links":{"self":[{"href":"https:\/\/newgeneration.ma\/index.php?rest_route=\/wp\/v2\/pages\/132","targetHints":{"allow":["GET"]}}],"collection":[{"href":"https:\/\/newgeneration.ma\/index.php?rest_route=\/wp\/v2\/pages"}],"about":[{"href":"https:\/\/newgeneration.ma\/index.php?rest_route=\/wp\/v2\/types\/page"}],"author":[{"embeddable":true,"href":"https:\/\/newgeneration.ma\/index.php?rest_route=\/wp\/v2\/users\/1"}],"replies":[{"embeddable":true,"href":"https:\/\/newgeneration.ma\/index.php?rest_route=%2Fwp%2Fv2%2Fcomments&post=132"}],"version-history":[{"count":87,"href":"https:\/\/newgeneration.ma\/index.php?rest_route=\/wp\/v2\/pages\/132\/revisions"}],"predecessor-version":[{"id":1200,"href":"https:\/\/newgeneration.ma\/index.php?rest_route=\/wp\/v2\/pages\/132\/revisions\/1200"}],"wp:attachment":[{"href":"https:\/\/newgeneration.ma\/index.php?rest_route=%2Fwp%2Fv2%2Fmedia&parent=132"}],"curies":[{"name":"wp","href":"https:\/\/api.w.org\/{rel}","templated":true}]}}