{"id":29,"date":"2024-02-07T13:08:25","date_gmt":"2024-02-07T12:08:25","guid":{"rendered":"https:\/\/www.wptest.ntondigital.com\/?page_id=29"},"modified":"2024-02-29T15:07:37","modified_gmt":"2024-02-29T14:07:37","slug":"home","status":"publish","type":"page","link":"https:\/\/newgeneration.ma\/","title":{"rendered":"Accueil"},"content":{"rendered":"\t\t<div data-elementor-type=\"wp-page\" data-elementor-id=\"29\" class=\"elementor elementor-29\">\n\t\t\t\t<div class=\"elementor-element elementor-element-ab7278a e-flex e-con-boxed e-con e-parent\" data-id=\"ab7278a\" data-element_type=\"container\" data-settings=\"{&quot;content_width&quot;:&quot;boxed&quot;}\" data-core-v316-plus=\"true\">\n\t\t\t\t\t<div class=\"e-con-inner\">\n\t\t\t\t<div class=\"elementor-element elementor-element-fad7ffc elementor-widget__width-inherit elementor-absolute elementor-widget-mobile__width-initial elementor-widget elementor-widget-sina_banner_slider\" data-id=\"fad7ffc\" data-element_type=\"widget\" data-settings=\"{&quot;_position&quot;:&quot;absolute&quot;}\" data-widget_type=\"sina_banner_slider.default\">\n\t\t\t\t<div class=\"elementor-widget-container\">\n\t\t\t\t\t<div class=\"sina-banner-slider owl-carousel\"\r\n\t\tdata-autoplay=\"yes\"\r\n\t\tdata-pause=\"yes\"\r\n\t\tdata-nav=\"yes\"\r\n\t\tdata-dots=\"\"\r\n\t\tdata-mouse-drag=\"yes\"\r\n\t\tdata-touch-drag=\"yes\"\r\n\t\tdata-loop=\"yes\"\r\n\t\tdata-speed=\"\"\r\n\t\tdata-part-anim=\"yes\"\r\n\t\tdata-delay=\"5000\">\r\n\r\n\t\t\t\t\t\t\t<div class=\"sina-slider-content sina-bg-cover\" style=\"background-image: url(https:\/\/newgeneration.ma\/wp-content\/uploads\/2024\/02\/GTGC.jpg);\">\r\n\t\t\t\t\t\t\t\t\t\t\t<div class=\"sina-overlay\"><\/div>\r\n\t\t\t\t\t\r\n\t\t\t\t\t<div class=\"sina-banner-container elementor-repeater-item-0c06713\">\r\n\r\n\t\t\t\t\t\t\r\n\t\t\t\t\t\t\r\n\t\t\t\t\t\t\r\n\t\t\t\t\t\t\t\t\t\t\t<\/div>\r\n\t\t\t\t<\/div>\r\n\t\t\t\t\t\t\t<div class=\"sina-slider-content sina-bg-cover\" style=\"background-image: url(https:\/\/newgeneration.ma\/wp-content\/uploads\/2024\/02\/Flamanville-EPR-4.jpg);\">\r\n\t\t\t\t\t\t\t\t\t\t\t<div class=\"sina-overlay\"><\/div>\r\n\t\t\t\t\t\r\n\t\t\t\t\t<div class=\"sina-banner-container elementor-repeater-item-37c0008\">\r\n\r\n\t\t\t\t\t\t\r\n\t\t\t\t\t\t\r\n\t\t\t\t\t\t\r\n\t\t\t\t\t\t\t\t\t\t\t<\/div>\r\n\t\t\t\t<\/div>\r\n\t\t\t\t\t\t\t<div class=\"sina-slider-content sina-bg-cover\" style=\"background-image: url(https:\/\/newgeneration.ma\/wp-content\/uploads\/2024\/02\/genie-civil-1.jpg);\">\r\n\t\t\t\t\t\t\t\t\t\t\t<div class=\"sina-overlay\"><\/div>\r\n\t\t\t\t\t\r\n\t\t\t\t\t<div class=\"sina-banner-container elementor-repeater-item-bc3df60\">\r\n\r\n\t\t\t\t\t\t\r\n\t\t\t\t\t\t\r\n\t\t\t\t\t\t\r\n\t\t\t\t\t\t\t\t\t\t\t<\/div>\r\n\t\t\t\t<\/div>\r\n\t\t\t\t\t<\/div><!-- .sina-banner-slider -->\r\n\t\t\t\t<\/div>\n\t\t\t\t<\/div>\n\t\t\t\t\t<\/div>\n\t\t\t\t<\/div>\n\t\t<div class=\"elementor-element elementor-element-88801fb e-flex e-con-boxed e-con e-parent\" data-id=\"88801fb\" data-element_type=\"container\" data-settings=\"{&quot;content_width&quot;:&quot;boxed&quot;}\" data-core-v316-plus=\"true\">\n\t\t\t\t\t<div class=\"e-con-inner\">\n\t\t\t\t<div class=\"elementor-element elementor-element-92dd5cc elementor-widget elementor-widget-text-editor\" data-id=\"92dd5cc\" data-element_type=\"widget\" data-widget_type=\"text-editor.default\">\n\t\t\t\t<div class=\"elementor-widget-container\">\n\t\t\t<style>\/*! elementor - v3.19.0 - 28-02-2024 *\/\n.elementor-widget-text-editor.elementor-drop-cap-view-stacked .elementor-drop-cap{background-color:#69727d;color:#fff}.elementor-widget-text-editor.elementor-drop-cap-view-framed .elementor-drop-cap{color:#69727d;border:3px solid;background-color:transparent}.elementor-widget-text-editor:not(.elementor-drop-cap-view-default) .elementor-drop-cap{margin-top:8px}.elementor-widget-text-editor:not(.elementor-drop-cap-view-default) .elementor-drop-cap-letter{width:1em;height:1em}.elementor-widget-text-editor .elementor-drop-cap{float:left;text-align:center;line-height:1;font-size:50px}.elementor-widget-text-editor .elementor-drop-cap-letter{display:inline-block}<\/style>\t\t\t\t&nbsp;\n<h1><span style=\"color: #1E4DC4;\">Qui Sommes Nous?<\/span><\/h1>\nL\u2019entreprise BETING a \u00e9t\u00e9 fond\u00e9e en 1970 par Monsieur Rachid Baghouz Ing\u00e9nieur dipl\u00f4m\u00e9 de l\u2019universit\u00e9 de Denver Colorado avec un DEGREE de BACHELOR of SCIENCE in CIVIL ENGENEERING. BETING s\u2019est d\u00e9di\u00e9 durant ces premi\u00e8res ann\u00e9es d\u2019activit\u00e9 \u00e0 l\u2019ing\u00e9nierie de construction, aussi bien les projets tertiaires que les projets administratifs et industriels. A partir des ann\u00e9es 90 BETING s\u2019est diversifi\u00e9 dans des nouvelles activit\u00e9s d\u2019ing\u00e9nierie dont les VRD, et les ouvrages d\u2019arts. Apres un parcours de plus de 20 ans l\u2019entreprise BETING a pu atteindre un niveau de perfectionnement tr\u00e8s performant, ce qui a exig\u00e9 une restructuration optimale, ce qui a permis le renforcement de ses moyens humains et techniques. C\u2019est pour cela qu\u2019en 2000 BETING \u00e0 entrepris une peau neuve avec la cr\u00e9ation plus de sa filiale NEW GENERATION se consacrant ainsi \u00e0 une restructuration technologique et organisationnel, et \u00e9voluant au niveau technologique pour se conformer aux nouvelles technique de production et en s\u2019alignant aux normes sectoriels \u00e9volutives. Cela lui a permis de renforcer son offre et diversifier son portefeuille clients dans un processus d\u2019innovation pour parfaire la r\u00e9ussite de ces projets. En 2010 un partenariat avec une ing\u00e9nierie multinationale a permis \u00e0 NEW GENERATION d\u2019\u00e9chelonn\u00e9 son \u00e9volution, avec la possibilit\u00e9 d\u2019acc\u00e8s \u00e0 des projets de tailles cons\u00e9quentes, et n\u00e9cessitant d\u2019une exp\u00e9rience partag\u00e9e avec son partenaires \u00e9tranger. Dans le cadre de ce partenariat NEW GENERATION a pu acqu\u00e9rir une exp\u00e9rience accru dans le domaine des techniques pour les installations techniques des constructions. Au jour d\u2019aujourd\u2019hui NEW GENERATION \/ BETING compte parmi son effectif quatre ing\u00e9nieurs, et six technicien, et deux cadres administratif et financiers, avec une facturation annuelles de plus de 2.000.000,00 Dirhams. Actifs dans les domaines de l\u2019ing\u00e9nierie de la construction et des nouvelles technologies ce Bureau d\u2019\u00e9tudes au fil des ann\u00e9es a acquis une exp\u00e9rience lui permettant d\u2019offrir \u00e0 ces clients des projets performants au niveau technologique, qui r\u00e9pond aux exigences contemporaine, avec une approche globale du service fait, et avec une gamme vari\u00e9 de produits d\u2019ing\u00e9nierie.\n\nLes secteurs d\u2019activit\u00e9 dans le domaine de l\u2019ing\u00e9nierie de la construction que d\u00e9veloppe actuellement le BET NEW GENERATION sont\u00a0:\n<ol>\n \t<li>L\u2019ing\u00e9nieure de la structure en diff\u00e9rentes mat\u00e9riaux, aussi bien les structures en b\u00e9ton arm\u00e9 et pr\u00e9contraint que les structures m\u00e9talliques, ou charpente bois Lamell\u00e9 coll\u00e9 ou massif. Y compris fondation superficielle et profonde, superstructures homog\u00e8nes et ou composite, sur la base de mod\u00e9lisation sp\u00e9ciale hyperstatique, en conformit\u00e9 aux normes Marocaines et internationales. Les ouvrages r\u00e9guliers et irr\u00e9guliers, pour les b\u00e2timents, pour les ponts dalles, et les ouvrages de sout\u00e8nement tel que murs de sout\u00e8nement ou parois berlinoise.<\/li>\n \t<li>L\u2019ing\u00e9nieure des installations des fluides dont la plomberie eau froide et au chaude sanitaire et thermique, sanitaire, \u00e9vacuation, assainissement, chauffage, climatisation, ventilation naturelle et m\u00e9caniques, protection incendie, d\u00e9senfumage, les gazes domestiques et m\u00e9dicales etc\u2026.<\/li>\n \t<li>Que les installations \u00e9lectriques, moyenne, basse, et tr\u00e8s basse tension, ainsi que les mises \u00e0 la terre et les protections parafoudres de ces installations \u00e9lectriques, ainsi que les r\u00e9seaux secourues, et ou ondul\u00e9es. Ainsi que l\u2019\u00e9clairage, et le r\u00e9seauavec la protection, la commande et la distribution de l\u2019\u00e9nergie \u00e9lectrique, les installations de communication Audiovisuelles dont la sonorisation, t\u00e9l\u00e9vision, vid\u00e9o surveillance, et interphonie. Aussi tr\u00e8s basse tension tel que les r\u00e9seaux informatiques, la t\u00e9l\u00e9phonie, et la d\u00e9tection des incendies, le contr\u00f4le d\u2019acc\u00e8s etc\u2026<\/li>\n \t<li>L\u2019am\u00e9nagement du territoire avec la conception de voirie et r\u00e9seaux divers \u00e9lectrification moyenne et basse tension, \u00e9clairage public, adduction d\u2019eau potable, et traitement des eaux, r\u00e9seaux de t\u00e9l\u00e9communications c\u00e2bl\u00e9s et sans fil, assainissement urbain et rurales, hydraulique et hydrologie des zones d\u2019influence. Ainsi que la signalisation routi\u00e8re. L\u2019arrosage des espaces verts et l\u2019am\u00e9nagement jardinier, et ou des espaces sportifs.<\/li>\n \t<li>Isolation thermique de l\u2019enveloppe des immeubles divers, ainsi que l\u2019isolation phonique des locaux de spectacle, ou salles de conf\u00e9rences, ainsi que les locaux industriels brouillant. L\u2019\u00e9tanch\u00e9it\u00e9 des supports am\u00e9nag\u00e9s, ainsi que la gestion des eaux superficielles, et en profondeur.Et le drainage des nappes phr\u00e9atiques, et les \u00e9coulements des eaux divers, avec protection par cuvelage, et ou membrane \u00e9tanche, ainsi que les filtre drainant en g\u00e9otextile.<\/li>\n \t<li>Etude des techniques de seconde \u0153uvre dont les rev\u00eatements en divers mat\u00e9riaux suivant les technologies de mise en \u0153uvre et suivant les destinations techniques des locaux am\u00e9nag\u00e9, ainsi que le les baies d\u2019acc\u00e8s pour l\u2019\u00e9clairage et la ventilation naturelle, avec les techniques de motorisation, et technologie de la domotique. et l\u2019orientation la signalisation d\u2019int\u00e9rieur indicative dans les locaux divers. La m\u00e9canisation des b\u00e2timents avec syst\u00e8me d\u2019\u00e9l\u00e9vation du genre ascenseur, monte charges, et monte malade pour les projets hospitaliers.<\/li>\n<\/ol>\t\t\t\t\t\t<\/div>\n\t\t\t\t<\/div>\n\t\t\t\t\t<\/div>\n\t\t\t\t<\/div>\n\t\t<div class=\"elementor-element elementor-element-6c15aa0 e-con-full e-flex e-con e-parent\" data-id=\"6c15aa0\" data-element_type=\"container\" data-settings=\"{&quot;content_width&quot;:&quot;full&quot;,&quot;background_background&quot;:&quot;gradient&quot;}\" data-core-v316-plus=\"true\">\n\t\t\t\t<div class=\"elementor-element elementor-element-4848301 elementor-widget elementor-widget-heading\" data-id=\"4848301\" data-element_type=\"widget\" data-widget_type=\"heading.default\">\n\t\t\t\t<div class=\"elementor-widget-container\">\n\t\t\t<style>\/*! elementor - v3.19.0 - 28-02-2024 *\/\n.elementor-heading-title{padding:0;margin:0;line-height:1}.elementor-widget-heading .elementor-heading-title[class*=elementor-size-]>a{color:inherit;font-size:inherit;line-height:inherit}.elementor-widget-heading .elementor-heading-title.elementor-size-small{font-size:15px}.elementor-widget-heading .elementor-heading-title.elementor-size-medium{font-size:19px}.elementor-widget-heading .elementor-heading-title.elementor-size-large{font-size:29px}.elementor-widget-heading .elementor-heading-title.elementor-size-xl{font-size:39px}.elementor-widget-heading .elementor-heading-title.elementor-size-xxl{font-size:59px}<\/style><h2 class=\"elementor-heading-title elementor-size-default\">CONTACTEZ-NOUS<\/h2>\t\t<\/div>\n\t\t\t\t<\/div>\n\t\t<div class=\"elementor-element elementor-element-3b605a6 e-con-full e-flex e-con e-child\" data-id=\"3b605a6\" data-element_type=\"container\" data-settings=\"{&quot;background_background&quot;:&quot;classic&quot;,&quot;content_width&quot;:&quot;full&quot;}\">\n\t\t\t\t<div class=\"elementor-element elementor-element-6af7bf0 elementor-widget__width-initial elementor-widget-tablet__width-initial elementor-widget-mobile__width-initial elementor-widget elementor-widget-sina_social_icons\" data-id=\"6af7bf0\" data-element_type=\"widget\" data-widget_type=\"sina_social_icons.default\">\n\t\t\t\t<div class=\"elementor-widget-container\">\n\t\t\t\t\t<div class=\"sina-social-icons\">\r\n\t\t\t<ul class=\"sina-social\">\r\n\t\t\t\t\t\t\t\t\t<li class=\"elementor-repeater-item-87594ce\">\r\n\t\t\t\t\t\t<a class=\"\"\r\n\t\t\t\t\t\thref=\"#\"\r\n\t\t\t\t\t\t\t\t\t\t\t\t>\r\n\t\t\t\t\t\t\t<i class=\"eicon-mail\"><\/i>\r\n\t\t\t\t\t\t<\/a>\r\n\t\t\t\t\t<\/li>\r\n\t\t\t\t\t\t\t\t\t<li class=\"elementor-repeater-item-e70d1f8\">\r\n\t\t\t\t\t\t<a class=\"\"\r\n\t\t\t\t\t\thref=\"https:\/\/maps.app.goo.gl\/Z9VvuG1v7qwpQN996\"\r\n\t\t\t\t\t\t\t\t\t\t\t\t>\r\n\t\t\t\t\t\t\t<i class=\"eicon-google-maps\"><\/i>\r\n\t\t\t\t\t\t<\/a>\r\n\t\t\t\t\t<\/li>\r\n\t\t\t\t\t\t\t<\/ul>\r\n\t\t<\/div><!-- .sina-social-icons -->\r\n\t\t\t\t<\/div>\n\t\t\t\t<\/div>\n\t\t<div class=\"elementor-element elementor-element-612f446 e-con-full e-flex e-con e-child\" data-id=\"612f446\" data-element_type=\"container\" data-settings=\"{&quot;content_width&quot;:&quot;full&quot;}\">\n\t\t\t\t<div class=\"elementor-element elementor-element-fdf771e elementor-widget__width-initial elementor-widget-tablet__width-initial elementor-widget-mobile__width-initial elementor-widget elementor-widget-sina_title\" data-id=\"fdf771e\" data-element_type=\"widget\" data-widget_type=\"sina_title.default\">\n\t\t\t\t<div class=\"elementor-widget-container\">\n\t\t\t\t\t<div class=\"sina-title\">\r\n\t\t\t\r\n\t\t\t\t\t\t\t<h2 class=\"sina-title-title\"><a href=\"mailto:contact@newgeneration.ma\">contact@newgeneration.ma<\/a><br><a href=\"https:\/\/maps.app.goo.gl\/t4BkJ3EzxFftK8Sg9\">Ouvrir dans Google Maps<\/a><\/h2>\t\t\t\r\n\t\t\t\r\n\t\t\t\r\n\t\t\t\t\t<\/div><!-- .sina-title -->\r\n\t\t\t\t<\/div>\n\t\t\t\t<\/div>\n\t\t\t\t<\/div>\n\t\t\t\t<div class=\"elementor-element elementor-element-f52464d elementor-widget__width-initial elementor-widget-mobile__width-initial elementor-widget elementor-widget-sina_social_icons\" data-id=\"f52464d\" data-element_type=\"widget\" data-widget_type=\"sina_social_icons.default\">\n\t\t\t\t<div class=\"elementor-widget-container\">\n\t\t\t\t\t<div class=\"sina-social-icons\">\r\n\t\t\t<ul class=\"sina-social\">\r\n\t\t\t\t\t\t\t\t\t<li class=\"elementor-repeater-item-5c23819\">\r\n\t\t\t\t\t\t<a class=\"\"\r\n\t\t\t\t\t\thref=\"https:\/\/facebook.com\"\r\n\t\t\t\t\t\t\t\t\t\t\t\t>\r\n\t\t\t\t\t\t\t<i class=\"icofont icofont-ui-touch-phone\"><\/i>\r\n\t\t\t\t\t\t<\/a>\r\n\t\t\t\t\t<\/li>\r\n\t\t\t\t\t\t\t\t\t<li class=\"elementor-repeater-item-90d8872\">\r\n\t\t\t\t\t\t<a class=\"\"\r\n\t\t\t\t\t\thref=\"https:\/\/linkedin.com\"\r\n\t\t\t\t\t\t\t\t\t\t\t\t>\r\n\t\t\t\t\t\t\t<i class=\"icofont icofont-phone\"><\/i>\r\n\t\t\t\t\t\t<\/a>\r\n\t\t\t\t\t<\/li>\r\n\t\t\t\t\t\t\t<\/ul>\r\n\t\t<\/div><!-- .sina-social-icons -->\r\n\t\t\t\t<\/div>\n\t\t\t\t<\/div>\n\t\t\t\t<div class=\"elementor-element elementor-element-a589975 elementor-widget__width-initial elementor-widget-tablet__width-initial elementor-widget-mobile__width-initial elementor-widget elementor-widget-sina_title\" data-id=\"a589975\" data-element_type=\"widget\" data-widget_type=\"sina_title.default\">\n\t\t\t\t<div class=\"elementor-widget-container\">\n\t\t\t\t\t<div class=\"sina-title\">\r\n\t\t\t\r\n\t\t\t\t\t\t\t<h2 class=\"sina-title-title\"><a href=\"tel:+212539942115\">+212 (0) 539 942 155<\/a><br><a href=\"tel:+212539323107\">+212 (0) 539 323 107<\/a><\/h2>\t\t\t\r\n\t\t\t\r\n\t\t\t\r\n\t\t\t\t\t<\/div><!-- .sina-title -->\r\n\t\t\t\t<\/div>\n\t\t\t\t<\/div>\n\t\t\t\t<\/div>\n\t\t\t\t<\/div>\n\t\t\t\t<\/div>\n\t\t","protected":false},"excerpt":{"rendered":"<p>&nbsp; Qui Sommes Nous? L\u2019entreprise BETING a \u00e9t\u00e9 fond\u00e9e en 1970 par Monsieur Rachid Baghouz Ing\u00e9nieur dipl\u00f4m\u00e9 de l\u2019universit\u00e9 de Denver Colorado avec un DEGREE de BACHELOR of SCIENCE in CIVIL ENGENEERING. BETING s\u2019est d\u00e9di\u00e9 durant ces premi\u00e8res ann\u00e9es d\u2019activit\u00e9 \u00e0 l\u2019ing\u00e9nierie de construction, aussi bien les projets tertiaires que les projets administratifs et industriels. A partir des ann\u00e9es 90 [&hellip;]<\/p>\n","protected":false},"author":1,"featured_media":0,"parent":0,"menu_order":0,"comment_status":"closed","ping_status":"closed","template":"elementor_header_footer","meta":{"footnotes":""},"class_list":["post-29","page","type-page","status-publish","hentry"],"_links":{"self":[{"href":"https:\/\/newgeneration.ma\/index.php?rest_route=\/wp\/v2\/pages\/29","targetHints":{"allow":["GET"]}}],"collection":[{"href":"https:\/\/newgeneration.ma\/index.php?rest_route=\/wp\/v2\/pages"}],"about":[{"href":"https:\/\/newgeneration.ma\/index.php?rest_route=\/wp\/v2\/types\/page"}],"author":[{"embeddable":true,"href":"https:\/\/newgeneration.ma\/index.php?rest_route=\/wp\/v2\/users\/1"}],"replies":[{"embeddable":true,"href":"https:\/\/newgeneration.ma\/index.php?rest_route=%2Fwp%2Fv2%2Fcomments&post=29"}],"version-history":[{"count":272,"href":"https:\/\/newgeneration.ma\/index.php?rest_route=\/wp\/v2\/pages\/29\/revisions"}],"predecessor-version":[{"id":1214,"href":"https:\/\/newgeneration.ma\/index.php?rest_route=\/wp\/v2\/pages\/29\/revisions\/1214"}],"wp:attachment":[{"href":"https:\/\/newgeneration.ma\/index.php?rest_route=%2Fwp%2Fv2%2Fmedia&parent=29"}],"curies":[{"name":"wp","href":"https:\/\/api.w.org\/{rel}","templated":true}]}}